{"id":75,"date":"2025-07-08T18:55:34","date_gmt":"2025-07-08T18:55:34","guid":{"rendered":"https:\/\/www.leclosdespies.com\/?page_id=75"},"modified":"2026-02-22T16:36:07","modified_gmt":"2026-02-22T16:36:07","slug":"mentions-legales","status":"publish","type":"page","link":"https:\/\/www.leclosdespies.com\/index.php\/mentions-legales\/","title":{"rendered":"Mentions l\u00e9gales"},"content":{"rendered":"\n<h3 class=\"wp-block-heading\"><strong>Conditions g\u00e9n\u00e9rales d&rsquo;utilisation<\/strong><\/h3>\n\n\n\n<p>Ce site web est \u00e9dit\u00e9 par Corn\u00e9lius GILEZAN, domicili\u00e9 au 55 chemin des clos &#8211; 39210 LE PIN.<br>Directeur de la Publication : Corn\u00e9lius GILEZAN<br>&nbsp;<\/p>\n\n\n\n<h3 class=\"wp-block-heading\"><strong>Responsabilit\u00e9<\/strong><\/h3>\n\n\n\n<p>Corn\u00e9lius GILEZAN ne pourra \u00eatre responsable pour quelque dommage que ce soit tant direct qu&rsquo;indirect, r\u00e9sultant d&rsquo;une information contenue sur ce site.<br>L&rsquo;utilisateur s&rsquo;engage \u00e0 ne transmettre sur ce site aucune information pouvant entra\u00eener une responsabilit\u00e9 civile ou p\u00e9nale et s&rsquo;engage \u00e0 ce titre \u00e0 ne pas divulguer via ce site des informations ill\u00e9gales, contraires \u00e0 l&rsquo;ordre public ou diffamatoires.<br>L&rsquo;utilisation du pr\u00e9sent site implique la connaissance et l&rsquo;acceptation par l\u2019utilisateur des caract\u00e9ristiques et des limites de l&rsquo;Internet et des technologies qui y sont li\u00e9es, l&rsquo;absence de protection de certaines donn\u00e9es contre des d\u00e9tournements \u00e9ventuels ou piratage et risques de contamination par d\u2019\u00e9ventuels virus circulants sur le r\u00e9seau.<br>Corn\u00e9lius GILEZAN d\u00e9cline toute responsabilit\u00e9 en cas de mauvaise utilisation ou d&rsquo;incident li\u00e9 \u00e0 l&rsquo;utilisation de l&rsquo;ordinateur, de l&rsquo;acc\u00e8s \u00e0 Internet, de la maintenance ou du dysfonctionnement des serveurs, de la ligne t\u00e9l\u00e9phonique ou de toute autre connexion technique, et de l&rsquo;envoi des formulaires \u00e0 une adresse erron\u00e9e ou incompl\u00e8te, d&rsquo;erreurs informatiques quelconques ou d\u00e9fauts constat\u00e9s sur le site.<br>&nbsp;<\/p>\n\n\n\n<h3 class=\"wp-block-heading\"><strong>Informatique et libert\u00e9<\/strong><\/h3>\n\n\n\n<p>Vos donn\u00e9es personnelles, \u00e0 savoir votre nom, votre adresse postale, votre n\u00b0 de t\u00e9l\u00e9phone, votre adresse e-mail, votre n\u00b0 de carte de paiement dans l&rsquo;\u00e9ventualit\u00e9 o\u00f9 il nous est transmis ainsi que toute donn\u00e9e communiqu\u00e9e sur notre site web ou g\u00e9n\u00e9r\u00e9e par votre navigation constituent des donn\u00e9es confidentielles.<br>Elles ne sont utilis\u00e9es que dans le cadre des finalit\u00e9s pour lesquelles vous nous les avez communiqu\u00e9es, \u00e0 savoir pour traiter vos r\u00e9servations ou pour vous transmettre notre newsletter, ou encore r\u00e9pondre \u00e0 vos demandes ou communiquer des offres commerciales et ce, \u00e0 travers le remplissage de questionnaires. Certaines informations demand\u00e9es dans les formulaires ont un caract\u00e8re obligatoire et sont signal\u00e9es par un ast\u00e9risque. Si vous choisissez de ne pas nous les communiquer nous ne pourrons pas traiter votre demande.<br>Conform\u00e9ment \u00e0 la loi Informatique et Libert\u00e9s N\u00b0 78-017 du 6 janvier 1978, vous disposez d\u2019un droit d\u2019acc\u00e8s, de rectification et d\u2019opposition \u00e0 toute communication des informations personnelles vous concernant en vous adressant \u00e0 Corn\u00e9lius GILEZAN &#8211; 55 chemin des clos &#8211; 39210 LE PIN ou par email \u00e0 reservation@leclosdespies.com<br>&nbsp;<\/p>\n\n\n\n<h3 class=\"wp-block-heading\"><strong>Cookies<\/strong><\/h3>\n\n\n\n<p>Pour la gestion des Cookies et de vos choix, la configuration de chaque navigateur est diff\u00e9rente. Elle est d\u00e9crite dans le menu d\u2019aide de votre navigateur, qui vous permettra de savoir de quelle mani\u00e8re modifier vos souhaits en mati\u00e8re de Cookies.&nbsp;<\/p>\n\n\n\n<div style=\"height:30px\" aria-hidden=\"true\" class=\"wp-block-spacer\"><\/div>\n\n\n\n<h3 class=\"wp-block-heading\"><strong>S\u00e9curit\u00e9 des transactions<\/strong><\/h3>\n\n\n\n<p>Toute transmission d&rsquo;information li\u00e9e au paiement et en particulier la transmission d&rsquo;un num\u00e9ro de carte bancaire et de sa date de validit\u00e9 s&rsquo;op\u00e8rent dans un contexte s\u00e9curis\u00e9 utilisant les protocoles en vigueur sur Internet.<br>&nbsp;<\/p>\n\n\n\n<h3 class=\"wp-block-heading\"><strong>Litiges<\/strong><\/h3>\n\n\n\n<p>Les pr\u00e9sentes conditions et la relation entre Corn\u00e9lius GILEZAN et les utilisateurs seront soumises au droit fran\u00e7ais et tout diff\u00e9rend n&rsquo;ayant pu trouver une issue transactionnelle sera port\u00e9 devant les tribunaux comp\u00e9tents de Besan\u00e7on.<br>&nbsp;<\/p>\n\n\n\n<p><strong>Conception graphique et d\u00e9veloppement Web<\/strong> : Corn\u00e9lius GILEZAN<br><strong>H\u00e9bergement :<\/strong> OVH<br><strong>Cr\u00e9dit photos : <\/strong>\u00a9 copyright Mathilde MILLET<br>  <\/p>\n\n\n\n<div style=\"height:50px\" aria-hidden=\"true\" class=\"wp-block-spacer\"><\/div>\n","protected":false},"excerpt":{"rendered":"<p>Conditions g\u00e9n\u00e9rales d&rsquo;utilisation Ce site web est \u00e9dit\u00e9 par Corn\u00e9lius GILEZAN, domicili\u00e9 au 55 chemin des clos &#8211; 39210 LE PIN.Directeur de la Publication : Corn\u00e9lius GILEZAN&nbsp; Responsabilit\u00e9 Corn\u00e9lius GILEZAN ne pourra \u00eatre responsable pour quelque dommage que ce soit tant direct qu&rsquo;indirect, r\u00e9sultant d&rsquo;une information contenue sur ce site.L&rsquo;utilisateur s&rsquo;engage \u00e0 ne transmettre sur [&hellip;]<\/p>\n","protected":false},"author":1,"featured_media":0,"parent":0,"menu_order":0,"comment_status":"closed","ping_status":"closed","template":"","meta":{"footnotes":""},"class_list":["post-75","page","type-page","status-publish","hentry"],"yoast_head":"<!-- This site is optimized with the Yoast SEO plugin v27.4 - https:\/\/yoast.com\/product\/yoast-seo-wordpress\/ -->\n<title>Mentions l\u00e9gales - Chambre d&#039;h\u00f4tes - Le Clos des Pies<\/title>\n<meta name=\"description\" content=\"Consultez les mentions l\u00e9gales et informations juridiques de la chambre d\u2019h\u00f4tes Le Clos des Pies \u00e0 Lons\u2011le\u2011Saunier. Toutes les informations l\u00e9gales concernant notre \u00e9tablissement sont d\u00e9taill\u00e9es ici.\" \/>\n<meta name=\"robots\" content=\"index, follow, max-snippet:-1, max-image-preview:large, max-video-preview:-1\" \/>\n<link rel=\"canonical\" href=\"https:\/\/www.leclosdespies.com\/index.php\/mentions-legales\/\" \/>\n<meta property=\"og:locale\" content=\"fr_FR\" \/>\n<meta property=\"og:type\" content=\"article\" \/>\n<meta property=\"og:title\" content=\"Mentions l\u00e9gales - Chambre d&#039;h\u00f4tes - Le Clos des Pies\" \/>\n<meta property=\"og:description\" content=\"Consultez les mentions l\u00e9gales et informations juridiques de la chambre d\u2019h\u00f4tes Le Clos des Pies \u00e0 Lons\u2011le\u2011Saunier. Toutes les informations l\u00e9gales concernant notre \u00e9tablissement sont d\u00e9taill\u00e9es ici.\" \/>\n<meta property=\"og:url\" content=\"https:\/\/www.leclosdespies.com\/index.php\/mentions-legales\/\" \/>\n<meta property=\"og:site_name\" content=\"Chambre d&#039;h\u00f4tes - Le Clos des Pies\" \/>\n<meta property=\"article:publisher\" content=\"https:\/\/www.facebook.com\/le.clos.des.pies\" \/>\n<meta property=\"article:modified_time\" content=\"2026-02-22T16:36:07+00:00\" \/>\n<script type=\"application\/ld+json\" class=\"yoast-schema-graph\">{\"@context\":\"https:\\\/\\\/schema.org\",\"@graph\":[{\"@type\":\"WebPage\",\"@id\":\"https:\\\/\\\/www.leclosdespies.com\\\/index.php\\\/mentions-legales\\\/\",\"url\":\"https:\\\/\\\/www.leclosdespies.com\\\/index.php\\\/mentions-legales\\\/\",\"name\":\"Mentions l\u00e9gales - Chambre d&#039;h\u00f4tes - Le Clos des Pies\",\"isPartOf\":{\"@id\":\"https:\\\/\\\/www.leclosdespies.com\\\/#website\"},\"datePublished\":\"2025-07-08T18:55:34+00:00\",\"dateModified\":\"2026-02-22T16:36:07+00:00\",\"description\":\"Consultez les mentions l\u00e9gales et informations juridiques de la chambre d\u2019h\u00f4tes Le Clos des Pies \u00e0 Lons\u2011le\u2011Saunier. Toutes les informations l\u00e9gales concernant notre \u00e9tablissement sont d\u00e9taill\u00e9es ici.\",\"breadcrumb\":{\"@id\":\"https:\\\/\\\/www.leclosdespies.com\\\/index.php\\\/mentions-legales\\\/#breadcrumb\"},\"inLanguage\":\"fr-FR\",\"potentialAction\":[{\"@type\":\"ReadAction\",\"target\":[\"https:\\\/\\\/www.leclosdespies.com\\\/index.php\\\/mentions-legales\\\/\"]}]},{\"@type\":\"BreadcrumbList\",\"@id\":\"https:\\\/\\\/www.leclosdespies.com\\\/index.php\\\/mentions-legales\\\/#breadcrumb\",\"itemListElement\":[{\"@type\":\"ListItem\",\"position\":1,\"name\":\"Accueil\",\"item\":\"https:\\\/\\\/www.leclosdespies.com\\\/\"},{\"@type\":\"ListItem\",\"position\":2,\"name\":\"Mentions l\u00e9gales\"}]},{\"@type\":\"WebSite\",\"@id\":\"https:\\\/\\\/www.leclosdespies.com\\\/#website\",\"url\":\"https:\\\/\\\/www.leclosdespies.com\\\/\",\"name\":\"Chambre d'h\u00f4tes - Le Clos des Pies\",\"description\":\"Install\u00e9e dans le village du Pin, au coeur du Jura, la chambre d\u2019h\u00f4tes Le Clos des Pies vous invite \u00e0 un s\u00e9jour au calme et au vert.\",\"publisher\":{\"@id\":\"https:\\\/\\\/www.leclosdespies.com\\\/#organization\"},\"potentialAction\":[{\"@type\":\"SearchAction\",\"target\":{\"@type\":\"EntryPoint\",\"urlTemplate\":\"https:\\\/\\\/www.leclosdespies.com\\\/?s={search_term_string}\"},\"query-input\":{\"@type\":\"PropertyValueSpecification\",\"valueRequired\":true,\"valueName\":\"search_term_string\"}}],\"inLanguage\":\"fr-FR\"},{\"@type\":\"Organization\",\"@id\":\"https:\\\/\\\/www.leclosdespies.com\\\/#organization\",\"name\":\"Chambre d'h\u00f4tes - Le Clos des Pies\",\"url\":\"https:\\\/\\\/www.leclosdespies.com\\\/\",\"logo\":{\"@type\":\"ImageObject\",\"inLanguage\":\"fr-FR\",\"@id\":\"https:\\\/\\\/www.leclosdespies.com\\\/#\\\/schema\\\/logo\\\/image\\\/\",\"url\":\"https:\\\/\\\/www.leclosdespies.com\\\/wp-content\\\/uploads\\\/cropped-Les-Clos-des-Pies-LOGO-white-new.png\",\"contentUrl\":\"https:\\\/\\\/www.leclosdespies.com\\\/wp-content\\\/uploads\\\/cropped-Les-Clos-des-Pies-LOGO-white-new.png\",\"width\":1344,\"height\":1063,\"caption\":\"Chambre d'h\u00f4tes - Le Clos des Pies\"},\"image\":{\"@id\":\"https:\\\/\\\/www.leclosdespies.com\\\/#\\\/schema\\\/logo\\\/image\\\/\"},\"sameAs\":[\"https:\\\/\\\/www.facebook.com\\\/le.clos.des.pies\",\"https:\\\/\\\/www.instagram.com\\\/le_clos_des_pies\\\/\"]}]}<\/script>\n<!-- \/ Yoast SEO plugin. -->","yoast_head_json":{"title":"Mentions l\u00e9gales - Chambre d&#039;h\u00f4tes - Le Clos des Pies","description":"Consultez les mentions l\u00e9gales et informations juridiques de la chambre d\u2019h\u00f4tes Le Clos des Pies \u00e0 Lons\u2011le\u2011Saunier. Toutes les informations l\u00e9gales concernant notre \u00e9tablissement sont d\u00e9taill\u00e9es ici.","robots":{"index":"index","follow":"follow","max-snippet":"max-snippet:-1","max-image-preview":"max-image-preview:large","max-video-preview":"max-video-preview:-1"},"canonical":"https:\/\/www.leclosdespies.com\/index.php\/mentions-legales\/","og_locale":"fr_FR","og_type":"article","og_title":"Mentions l\u00e9gales - Chambre d&#039;h\u00f4tes - Le Clos des Pies","og_description":"Consultez les mentions l\u00e9gales et informations juridiques de la chambre d\u2019h\u00f4tes Le Clos des Pies \u00e0 Lons\u2011le\u2011Saunier. Toutes les informations l\u00e9gales concernant notre \u00e9tablissement sont d\u00e9taill\u00e9es ici.","og_url":"https:\/\/www.leclosdespies.com\/index.php\/mentions-legales\/","og_site_name":"Chambre d&#039;h\u00f4tes - Le Clos des Pies","article_publisher":"https:\/\/www.facebook.com\/le.clos.des.pies","article_modified_time":"2026-02-22T16:36:07+00:00","schema":{"@context":"https:\/\/schema.org","@graph":[{"@type":"WebPage","@id":"https:\/\/www.leclosdespies.com\/index.php\/mentions-legales\/","url":"https:\/\/www.leclosdespies.com\/index.php\/mentions-legales\/","name":"Mentions l\u00e9gales - Chambre d&#039;h\u00f4tes - Le Clos des Pies","isPartOf":{"@id":"https:\/\/www.leclosdespies.com\/#website"},"datePublished":"2025-07-08T18:55:34+00:00","dateModified":"2026-02-22T16:36:07+00:00","description":"Consultez les mentions l\u00e9gales et informations juridiques de la chambre d\u2019h\u00f4tes Le Clos des Pies \u00e0 Lons\u2011le\u2011Saunier. Toutes les informations l\u00e9gales concernant notre \u00e9tablissement sont d\u00e9taill\u00e9es ici.","breadcrumb":{"@id":"https:\/\/www.leclosdespies.com\/index.php\/mentions-legales\/#breadcrumb"},"inLanguage":"fr-FR","potentialAction":[{"@type":"ReadAction","target":["https:\/\/www.leclosdespies.com\/index.php\/mentions-legales\/"]}]},{"@type":"BreadcrumbList","@id":"https:\/\/www.leclosdespies.com\/index.php\/mentions-legales\/#breadcrumb","itemListElement":[{"@type":"ListItem","position":1,"name":"Accueil","item":"https:\/\/www.leclosdespies.com\/"},{"@type":"ListItem","position":2,"name":"Mentions l\u00e9gales"}]},{"@type":"WebSite","@id":"https:\/\/www.leclosdespies.com\/#website","url":"https:\/\/www.leclosdespies.com\/","name":"Chambre d'h\u00f4tes - Le Clos des Pies","description":"Install\u00e9e dans le village du Pin, au coeur du Jura, la chambre d\u2019h\u00f4tes Le Clos des Pies vous invite \u00e0 un s\u00e9jour au calme et au vert.","publisher":{"@id":"https:\/\/www.leclosdespies.com\/#organization"},"potentialAction":[{"@type":"SearchAction","target":{"@type":"EntryPoint","urlTemplate":"https:\/\/www.leclosdespies.com\/?s={search_term_string}"},"query-input":{"@type":"PropertyValueSpecification","valueRequired":true,"valueName":"search_term_string"}}],"inLanguage":"fr-FR"},{"@type":"Organization","@id":"https:\/\/www.leclosdespies.com\/#organization","name":"Chambre d'h\u00f4tes - Le Clos des Pies","url":"https:\/\/www.leclosdespies.com\/","logo":{"@type":"ImageObject","inLanguage":"fr-FR","@id":"https:\/\/www.leclosdespies.com\/#\/schema\/logo\/image\/","url":"https:\/\/www.leclosdespies.com\/wp-content\/uploads\/cropped-Les-Clos-des-Pies-LOGO-white-new.png","contentUrl":"https:\/\/www.leclosdespies.com\/wp-content\/uploads\/cropped-Les-Clos-des-Pies-LOGO-white-new.png","width":1344,"height":1063,"caption":"Chambre d'h\u00f4tes - Le Clos des Pies"},"image":{"@id":"https:\/\/www.leclosdespies.com\/#\/schema\/logo\/image\/"},"sameAs":["https:\/\/www.facebook.com\/le.clos.des.pies","https:\/\/www.instagram.com\/le_clos_des_pies\/"]}]}},"_links":{"self":[{"href":"https:\/\/www.leclosdespies.com\/index.php\/wp-json\/wp\/v2\/pages\/75","targetHints":{"allow":["GET"]}}],"collection":[{"href":"https:\/\/www.leclosdespies.com\/index.php\/wp-json\/wp\/v2\/pages"}],"about":[{"href":"https:\/\/www.leclosdespies.com\/index.php\/wp-json\/wp\/v2\/types\/page"}],"author":[{"embeddable":true,"href":"https:\/\/www.leclosdespies.com\/index.php\/wp-json\/wp\/v2\/users\/1"}],"replies":[{"embeddable":true,"href":"https:\/\/www.leclosdespies.com\/index.php\/wp-json\/wp\/v2\/comments?post=75"}],"version-history":[{"count":13,"href":"https:\/\/www.leclosdespies.com\/index.php\/wp-json\/wp\/v2\/pages\/75\/revisions"}],"predecessor-version":[{"id":235,"href":"https:\/\/www.leclosdespies.com\/index.php\/wp-json\/wp\/v2\/pages\/75\/revisions\/235"}],"wp:attachment":[{"href":"https:\/\/www.leclosdespies.com\/index.php\/wp-json\/wp\/v2\/media?parent=75"}],"curies":[{"name":"wp","href":"https:\/\/api.w.org\/{rel}","templated":true}]}}