{"id":7,"date":"2025-07-08T08:46:21","date_gmt":"2025-07-08T08:46:21","guid":{"rendered":"https:\/\/www.leclosdespies.com\/index.php\/home\/"},"modified":"2026-02-22T16:47:07","modified_gmt":"2026-02-22T16:47:07","slug":"home","status":"publish","type":"page","link":"https:\/\/www.leclosdespies.com\/","title":{"rendered":"Accueil"},"content":{"rendered":"","protected":false},"excerpt":{"rendered":"","protected":false},"author":1,"featured_media":0,"parent":0,"menu_order":0,"comment_status":"closed","ping_status":"closed","template":"templates\/template-homepage.php","meta":{"footnotes":""},"class_list":["post-7","page","type-page","status-publish","hentry"],"yoast_head":"<!-- This site is optimized with the Yoast SEO plugin v27.4 - https:\/\/yoast.com\/product\/yoast-seo-wordpress\/ -->\n<title>Accueil - Chambre d&#039;h\u00f4tes - Le Clos des Pies<\/title>\n<meta name=\"description\" content=\"D\u00e9couvrez Le Clos des Pies, chambre d\u2019h\u00f4tes dans le Jura, id\u00e9ale pour un s\u00e9jour au calme en pleine nature. Confort, charme et petit-d\u00e9jeuner gourmand vous attendent pour une escapade ressour\u00e7ante.\" \/>\n<meta name=\"robots\" content=\"index, follow, max-snippet:-1, max-image-preview:large, max-video-preview:-1\" \/>\n<link rel=\"canonical\" href=\"https:\/\/www.leclosdespies.com\/\" \/>\n<meta property=\"og:locale\" content=\"fr_FR\" \/>\n<meta property=\"og:type\" content=\"article\" \/>\n<meta property=\"og:title\" content=\"Accueil - Chambre d&#039;h\u00f4tes - Le Clos des Pies\" \/>\n<meta property=\"og:description\" content=\"D\u00e9couvrez Le Clos des Pies, chambre d\u2019h\u00f4tes dans le Jura, id\u00e9ale pour un s\u00e9jour au calme en pleine nature. Confort, charme et petit-d\u00e9jeuner gourmand vous attendent pour une escapade ressour\u00e7ante.\" \/>\n<meta property=\"og:url\" content=\"https:\/\/www.leclosdespies.com\/\" \/>\n<meta property=\"og:site_name\" content=\"Chambre d&#039;h\u00f4tes - Le Clos des Pies\" \/>\n<meta property=\"article:publisher\" content=\"https:\/\/www.facebook.com\/le.clos.des.pies\" \/>\n<meta property=\"article:modified_time\" content=\"2026-02-22T16:47:07+00:00\" \/>\n<script type=\"application\/ld+json\" class=\"yoast-schema-graph\">{\"@context\":\"https:\\\/\\\/schema.org\",\"@graph\":[{\"@type\":\"WebPage\",\"@id\":\"https:\\\/\\\/www.leclosdespies.com\\\/\",\"url\":\"https:\\\/\\\/www.leclosdespies.com\\\/\",\"name\":\"Accueil - Chambre d&#039;h\u00f4tes - Le Clos des Pies\",\"isPartOf\":{\"@id\":\"https:\\\/\\\/www.leclosdespies.com\\\/#website\"},\"datePublished\":\"2025-07-08T08:46:21+00:00\",\"dateModified\":\"2026-02-22T16:47:07+00:00\",\"description\":\"D\u00e9couvrez Le Clos des Pies, chambre d\u2019h\u00f4tes dans le Jura, id\u00e9ale pour un s\u00e9jour au calme en pleine nature. Confort, charme et petit-d\u00e9jeuner gourmand vous attendent pour une escapade ressour\u00e7ante.\",\"breadcrumb\":{\"@id\":\"https:\\\/\\\/www.leclosdespies.com\\\/#breadcrumb\"},\"inLanguage\":\"fr-FR\",\"potentialAction\":[{\"@type\":\"ReadAction\",\"target\":[\"https:\\\/\\\/www.leclosdespies.com\\\/\"]}]},{\"@type\":\"BreadcrumbList\",\"@id\":\"https:\\\/\\\/www.leclosdespies.com\\\/#breadcrumb\",\"itemListElement\":[{\"@type\":\"ListItem\",\"position\":1,\"name\":\"Accueil\",\"item\":\"https:\\\/\\\/www.leclosdespies.com\\\/\"},{\"@type\":\"ListItem\",\"position\":2,\"name\":\"Accueil\"}]},{\"@type\":\"WebSite\",\"@id\":\"https:\\\/\\\/www.leclosdespies.com\\\/#website\",\"url\":\"https:\\\/\\\/www.leclosdespies.com\\\/\",\"name\":\"Chambre d'h\u00f4tes - Le Clos des Pies\",\"description\":\"Install\u00e9e dans le village du Pin, au coeur du Jura, la chambre d\u2019h\u00f4tes Le Clos des Pies vous invite \u00e0 un s\u00e9jour au calme et au vert.\",\"publisher\":{\"@id\":\"https:\\\/\\\/www.leclosdespies.com\\\/#organization\"},\"potentialAction\":[{\"@type\":\"SearchAction\",\"target\":{\"@type\":\"EntryPoint\",\"urlTemplate\":\"https:\\\/\\\/www.leclosdespies.com\\\/?s={search_term_string}\"},\"query-input\":{\"@type\":\"PropertyValueSpecification\",\"valueRequired\":true,\"valueName\":\"search_term_string\"}}],\"inLanguage\":\"fr-FR\"},{\"@type\":\"Organization\",\"@id\":\"https:\\\/\\\/www.leclosdespies.com\\\/#organization\",\"name\":\"Chambre d'h\u00f4tes - Le Clos des Pies\",\"url\":\"https:\\\/\\\/www.leclosdespies.com\\\/\",\"logo\":{\"@type\":\"ImageObject\",\"inLanguage\":\"fr-FR\",\"@id\":\"https:\\\/\\\/www.leclosdespies.com\\\/#\\\/schema\\\/logo\\\/image\\\/\",\"url\":\"https:\\\/\\\/www.leclosdespies.com\\\/wp-content\\\/uploads\\\/cropped-Les-Clos-des-Pies-LOGO-white-new.png\",\"contentUrl\":\"https:\\\/\\\/www.leclosdespies.com\\\/wp-content\\\/uploads\\\/cropped-Les-Clos-des-Pies-LOGO-white-new.png\",\"width\":1344,\"height\":1063,\"caption\":\"Chambre d'h\u00f4tes - Le Clos des Pies\"},\"image\":{\"@id\":\"https:\\\/\\\/www.leclosdespies.com\\\/#\\\/schema\\\/logo\\\/image\\\/\"},\"sameAs\":[\"https:\\\/\\\/www.facebook.com\\\/le.clos.des.pies\",\"https:\\\/\\\/www.instagram.com\\\/le_clos_des_pies\\\/\"]}]}<\/script>\n<!-- \/ Yoast SEO plugin. -->","yoast_head_json":{"title":"Accueil - Chambre d&#039;h\u00f4tes - Le Clos des Pies","description":"D\u00e9couvrez Le Clos des Pies, chambre d\u2019h\u00f4tes dans le Jura, id\u00e9ale pour un s\u00e9jour au calme en pleine nature. Confort, charme et petit-d\u00e9jeuner gourmand vous attendent pour une escapade ressour\u00e7ante.","robots":{"index":"index","follow":"follow","max-snippet":"max-snippet:-1","max-image-preview":"max-image-preview:large","max-video-preview":"max-video-preview:-1"},"canonical":"https:\/\/www.leclosdespies.com\/","og_locale":"fr_FR","og_type":"article","og_title":"Accueil - Chambre d&#039;h\u00f4tes - Le Clos des Pies","og_description":"D\u00e9couvrez Le Clos des Pies, chambre d\u2019h\u00f4tes dans le Jura, id\u00e9ale pour un s\u00e9jour au calme en pleine nature. Confort, charme et petit-d\u00e9jeuner gourmand vous attendent pour une escapade ressour\u00e7ante.","og_url":"https:\/\/www.leclosdespies.com\/","og_site_name":"Chambre d&#039;h\u00f4tes - Le Clos des Pies","article_publisher":"https:\/\/www.facebook.com\/le.clos.des.pies","article_modified_time":"2026-02-22T16:47:07+00:00","schema":{"@context":"https:\/\/schema.org","@graph":[{"@type":"WebPage","@id":"https:\/\/www.leclosdespies.com\/","url":"https:\/\/www.leclosdespies.com\/","name":"Accueil - Chambre d&#039;h\u00f4tes - Le Clos des Pies","isPartOf":{"@id":"https:\/\/www.leclosdespies.com\/#website"},"datePublished":"2025-07-08T08:46:21+00:00","dateModified":"2026-02-22T16:47:07+00:00","description":"D\u00e9couvrez Le Clos des Pies, chambre d\u2019h\u00f4tes dans le Jura, id\u00e9ale pour un s\u00e9jour au calme en pleine nature. Confort, charme et petit-d\u00e9jeuner gourmand vous attendent pour une escapade ressour\u00e7ante.","breadcrumb":{"@id":"https:\/\/www.leclosdespies.com\/#breadcrumb"},"inLanguage":"fr-FR","potentialAction":[{"@type":"ReadAction","target":["https:\/\/www.leclosdespies.com\/"]}]},{"@type":"BreadcrumbList","@id":"https:\/\/www.leclosdespies.com\/#breadcrumb","itemListElement":[{"@type":"ListItem","position":1,"name":"Accueil","item":"https:\/\/www.leclosdespies.com\/"},{"@type":"ListItem","position":2,"name":"Accueil"}]},{"@type":"WebSite","@id":"https:\/\/www.leclosdespies.com\/#website","url":"https:\/\/www.leclosdespies.com\/","name":"Chambre d'h\u00f4tes - Le Clos des Pies","description":"Install\u00e9e dans le village du Pin, au coeur du Jura, la chambre d\u2019h\u00f4tes Le Clos des Pies vous invite \u00e0 un s\u00e9jour au calme et au vert.","publisher":{"@id":"https:\/\/www.leclosdespies.com\/#organization"},"potentialAction":[{"@type":"SearchAction","target":{"@type":"EntryPoint","urlTemplate":"https:\/\/www.leclosdespies.com\/?s={search_term_string}"},"query-input":{"@type":"PropertyValueSpecification","valueRequired":true,"valueName":"search_term_string"}}],"inLanguage":"fr-FR"},{"@type":"Organization","@id":"https:\/\/www.leclosdespies.com\/#organization","name":"Chambre d'h\u00f4tes - Le Clos des Pies","url":"https:\/\/www.leclosdespies.com\/","logo":{"@type":"ImageObject","inLanguage":"fr-FR","@id":"https:\/\/www.leclosdespies.com\/#\/schema\/logo\/image\/","url":"https:\/\/www.leclosdespies.com\/wp-content\/uploads\/cropped-Les-Clos-des-Pies-LOGO-white-new.png","contentUrl":"https:\/\/www.leclosdespies.com\/wp-content\/uploads\/cropped-Les-Clos-des-Pies-LOGO-white-new.png","width":1344,"height":1063,"caption":"Chambre d'h\u00f4tes - Le Clos des Pies"},"image":{"@id":"https:\/\/www.leclosdespies.com\/#\/schema\/logo\/image\/"},"sameAs":["https:\/\/www.facebook.com\/le.clos.des.pies","https:\/\/www.instagram.com\/le_clos_des_pies\/"]}]}},"_links":{"self":[{"href":"https:\/\/www.leclosdespies.com\/index.php\/wp-json\/wp\/v2\/pages\/7","targetHints":{"allow":["GET"]}}],"collection":[{"href":"https:\/\/www.leclosdespies.com\/index.php\/wp-json\/wp\/v2\/pages"}],"about":[{"href":"https:\/\/www.leclosdespies.com\/index.php\/wp-json\/wp\/v2\/types\/page"}],"author":[{"embeddable":true,"href":"https:\/\/www.leclosdespies.com\/index.php\/wp-json\/wp\/v2\/users\/1"}],"replies":[{"embeddable":true,"href":"https:\/\/www.leclosdespies.com\/index.php\/wp-json\/wp\/v2\/comments?post=7"}],"version-history":[{"count":1,"href":"https:\/\/www.leclosdespies.com\/index.php\/wp-json\/wp\/v2\/pages\/7\/revisions"}],"predecessor-version":[{"id":378,"href":"https:\/\/www.leclosdespies.com\/index.php\/wp-json\/wp\/v2\/pages\/7\/revisions\/378"}],"wp:attachment":[{"href":"https:\/\/www.leclosdespies.com\/index.php\/wp-json\/wp\/v2\/media?parent=7"}],"curies":[{"name":"wp","href":"https:\/\/api.w.org\/{rel}","templated":true}]}}