{"id":136,"date":"2025-10-05T16:14:58","date_gmt":"2025-10-05T16:14:58","guid":{"rendered":"https:\/\/www.leclosdespies.com\/?page_id=136"},"modified":"2026-02-22T15:05:26","modified_gmt":"2026-02-22T15:05:26","slug":"destination-jura","status":"publish","type":"page","link":"https:\/\/www.leclosdespies.com\/index.php\/destination-jura\/","title":{"rendered":"Destination Jura"},"content":{"rendered":"\n<h2 class=\"wp-block-heading\">D\u00e9couvrez Le Jura<\/h2>\n\n\n\n<div style=\"height:20px\" aria-hidden=\"true\" class=\"wp-block-spacer\"><\/div>\n\n\n\n<p>Bienvenue dans le Jura, une destination verte par excellence, riche en paysages pr\u00e9serv\u00e9s, patrimoine historique et activit\u00e9s de pleine nature. Nich\u00e9 au c\u0153ur de cette magnifique r\u00e9gion, le village du <strong>Pin<\/strong>, avec son ch\u00e2teau embl\u00e9matique, vous invite \u00e0 un s\u00e9jour alliant d\u00e9tente, nature et d\u00e9couverte.<\/p>\n\n\n\n<div style=\"height:20px\" aria-hidden=\"true\" class=\"wp-block-spacer\"><\/div>\n\n\n\n<figure class=\"wp-block-gallery has-nested-images columns-default is-cropped wp-block-gallery-1 is-layout-flex wp-block-gallery-is-layout-flex\">\n<figure class=\"wp-block-image size-large\"><img loading=\"lazy\" decoding=\"async\" width=\"1512\" height=\"2016\" data-id=\"141\" src=\"https:\/\/www.leclosdespies.com\/wp-content\/uploads\/IMG_1563-1-rotated.jpg\" alt=\"\" class=\"wp-image-141\" srcset=\"https:\/\/www.leclosdespies.com\/wp-content\/uploads\/IMG_1563-1-rotated.jpg 1512w, https:\/\/www.leclosdespies.com\/wp-content\/uploads\/IMG_1563-1-750x1000.jpg 750w, https:\/\/www.leclosdespies.com\/wp-content\/uploads\/IMG_1563-1-768x1024.jpg 768w, https:\/\/www.leclosdespies.com\/wp-content\/uploads\/IMG_1563-1-1152x1536.jpg 1152w\" sizes=\"auto, (max-width: 1512px) 100vw, 1512px\" \/><\/figure>\n\n\n\n<figure class=\"wp-block-image size-large\"><img loading=\"lazy\" decoding=\"async\" width=\"1512\" height=\"2016\" data-id=\"144\" src=\"https:\/\/www.leclosdespies.com\/wp-content\/uploads\/IMG_8744-rotated.jpg\" alt=\"\" class=\"wp-image-144\" srcset=\"https:\/\/www.leclosdespies.com\/wp-content\/uploads\/IMG_8744-rotated.jpg 1512w, https:\/\/www.leclosdespies.com\/wp-content\/uploads\/IMG_8744-750x1000.jpg 750w, https:\/\/www.leclosdespies.com\/wp-content\/uploads\/IMG_8744-768x1024.jpg 768w, https:\/\/www.leclosdespies.com\/wp-content\/uploads\/IMG_8744-1152x1536.jpg 1152w\" sizes=\"auto, (max-width: 1512px) 100vw, 1512px\" \/><\/figure>\n\n\n\n<figure class=\"wp-block-image size-full\"><img loading=\"lazy\" decoding=\"async\" width=\"1512\" height=\"2016\" data-id=\"155\" src=\"https:\/\/www.leclosdespies.com\/wp-content\/uploads\/IMG_1813-rotated.jpg\" alt=\"\" class=\"wp-image-155\" srcset=\"https:\/\/www.leclosdespies.com\/wp-content\/uploads\/IMG_1813-rotated.jpg 1512w, https:\/\/www.leclosdespies.com\/wp-content\/uploads\/IMG_1813-750x1000.jpg 750w, https:\/\/www.leclosdespies.com\/wp-content\/uploads\/IMG_1813-768x1024.jpg 768w, https:\/\/www.leclosdespies.com\/wp-content\/uploads\/IMG_1813-1152x1536.jpg 1152w\" sizes=\"auto, (max-width: 1512px) 100vw, 1512px\" \/><\/figure>\n<\/figure>\n\n\n\n<div style=\"height:20px\" aria-hidden=\"true\" class=\"wp-block-spacer\"><\/div>\n\n\n\n<h3 class=\"wp-block-heading\">Le Pin, un village plein de charme<\/h3>\n\n\n\n<div style=\"height:20px\" aria-hidden=\"true\" class=\"wp-block-spacer\"><\/div>\n\n\n\n<p>\u00a0Au village du Pin, vous serez s\u00e9duits par son cadre authentique et paisible. Le ch\u00e2teau du Pin, joyau architectural, domine le paysage et offre un aper\u00e7u fascinant de l\u2019histoire locale. Ce lieu calme est id\u00e9al pour se ressourcer, loin de l\u2019agitation urbaine.<\/p>\n\n\n\n<div style=\"height:20px\" aria-hidden=\"true\" class=\"wp-block-spacer\"><\/div>\n\n\n\n<h3 class=\"wp-block-heading\">Un emplacement privil\u00e9gi\u00e9 pr\u00e8s des sites incontournables du Jura<\/h3>\n\n\n\n<div style=\"height:20px\" aria-hidden=\"true\" class=\"wp-block-spacer\"><\/div>\n\n\n\n<p>\u00a0Situ\u00e9 \u00e0 seulement quelques minutes de <strong>Lons-le-Saunier<\/strong>, capitale dynamique du Jura, Le Pin b\u00e9n\u00e9ficie d\u2019un acc\u00e8s facile aux commodit\u00e9s tout en conservant son atmosph\u00e8re bucolique. \u00c0 proximit\u00e9, vous pourrez explorer des tr\u00e9sors naturels et culturels comme :<\/p>\n\n\n\n<div style=\"height:20px\" aria-hidden=\"true\" class=\"wp-block-spacer\"><\/div>\n\n\n\n<ul class=\"wp-block-list\">\n<li><strong>Baume-les-Messieurs<\/strong>, c\u00e9l\u00e8bre pour ses magnifiques cascades et son abbaye<\/li>\n\n\n\n<li><strong>Ch\u00e2teau-Chalon<\/strong>, village class\u00e9 parmi les plus beaux de France, r\u00e9put\u00e9 pour son vin jaune unique<\/li>\n\n\n\n<li>Les sentiers de randonn\u00e9e et pistes cyclables qui serpentent \u00e0 travers une nature luxuriante<\/li>\n<\/ul>\n\n\n\n<div style=\"height:20px\" aria-hidden=\"true\" class=\"wp-block-spacer\"><\/div>\n\n\n\n<figure class=\"wp-block-table\"><table class=\"has-fixed-layout\"><tbody><tr><td class=\"has-text-align-left\" data-align=\"left\"><strong>Destination<\/strong><\/td><td><strong>Type<\/strong><\/td><td><strong>Distance<\/strong><\/td><td><strong>Temps de trajet<\/strong><\/td><\/tr><tr><td class=\"has-text-align-left\" data-align=\"left\">Lons-le-Saunier<\/td><td>Ville thermale<\/td><td>4 km<\/td><td>5 minutes<\/td><\/tr><tr><td class=\"has-text-align-left\" data-align=\"left\">Baume-les-Messieurs<\/td><td>Village et recul\u00e9e<\/td><td>5 km<\/td><td>15 minutes<\/td><\/tr><tr><td class=\"has-text-align-left\" data-align=\"left\">Ch\u00e2teau-Chalon<\/td><td>Village class\u00e9<\/td><td>7 km<\/td><td>15 minutes<\/td><\/tr><tr><td class=\"has-text-align-left\" data-align=\"left\">Lac de Chalain<\/td><td>Lac naturel<\/td><td>17 km<\/td><td>35 minutes<\/td><\/tr><tr><td class=\"has-text-align-left\" data-align=\"left\">Cascades du H\u00e9risson<\/td><td>Site naturel<\/td><td>24 km<\/td><td>35 minutes<\/td><\/tr><\/tbody><\/table><\/figure>\n\n\n\n<div style=\"height:20px\" aria-hidden=\"true\" class=\"wp-block-spacer\"><\/div>\n\n\n\n<figure class=\"wp-block-gallery has-nested-images columns-default is-cropped wp-block-gallery-2 is-layout-flex wp-block-gallery-is-layout-flex\">\n<figure class=\"wp-block-image size-large\"><img loading=\"lazy\" decoding=\"async\" width=\"1512\" height=\"2016\" data-id=\"152\" src=\"https:\/\/www.leclosdespies.com\/wp-content\/uploads\/IMG_7835-rotated.jpg\" alt=\"\" class=\"wp-image-152\" srcset=\"https:\/\/www.leclosdespies.com\/wp-content\/uploads\/IMG_7835-rotated.jpg 1512w, https:\/\/www.leclosdespies.com\/wp-content\/uploads\/IMG_7835-750x1000.jpg 750w, https:\/\/www.leclosdespies.com\/wp-content\/uploads\/IMG_7835-768x1024.jpg 768w, https:\/\/www.leclosdespies.com\/wp-content\/uploads\/IMG_7835-1152x1536.jpg 1152w\" sizes=\"auto, (max-width: 1512px) 100vw, 1512px\" \/><\/figure>\n\n\n\n<figure class=\"wp-block-image size-large\"><img loading=\"lazy\" decoding=\"async\" width=\"1512\" height=\"2016\" data-id=\"151\" src=\"https:\/\/www.leclosdespies.com\/wp-content\/uploads\/IMG_0961-rotated.jpg\" alt=\"\" class=\"wp-image-151\" srcset=\"https:\/\/www.leclosdespies.com\/wp-content\/uploads\/IMG_0961-rotated.jpg 1512w, https:\/\/www.leclosdespies.com\/wp-content\/uploads\/IMG_0961-750x1000.jpg 750w, https:\/\/www.leclosdespies.com\/wp-content\/uploads\/IMG_0961-768x1024.jpg 768w, https:\/\/www.leclosdespies.com\/wp-content\/uploads\/IMG_0961-1152x1536.jpg 1152w\" sizes=\"auto, (max-width: 1512px) 100vw, 1512px\" \/><\/figure>\n\n\n\n<figure class=\"wp-block-image size-large\"><img loading=\"lazy\" decoding=\"async\" width=\"1512\" height=\"2016\" data-id=\"149\" src=\"https:\/\/www.leclosdespies.com\/wp-content\/uploads\/IMG_4323-rotated.jpg\" alt=\"\" class=\"wp-image-149\" srcset=\"https:\/\/www.leclosdespies.com\/wp-content\/uploads\/IMG_4323-rotated.jpg 1512w, https:\/\/www.leclosdespies.com\/wp-content\/uploads\/IMG_4323-750x1000.jpg 750w, https:\/\/www.leclosdespies.com\/wp-content\/uploads\/IMG_4323-768x1024.jpg 768w, https:\/\/www.leclosdespies.com\/wp-content\/uploads\/IMG_4323-1152x1536.jpg 1152w\" sizes=\"auto, (max-width: 1512px) 100vw, 1512px\" \/><\/figure>\n<\/figure>\n\n\n\n<div style=\"height:20px\" aria-hidden=\"true\" class=\"wp-block-spacer\"><\/div>\n\n\n\n<h3 class=\"wp-block-heading\">Le Jura, une destination nature et bien-\u00eatre<\/h3>\n\n\n\n<div style=\"height:20px\" aria-hidden=\"true\" class=\"wp-block-spacer\"><\/div>\n\n\n\n<p>Que vous soyez amateur de randonn\u00e9e, de v\u00e9lo ou simplement en qu\u00eate de repos, le Jura r\u00e9pondra \u00e0 toutes vos attentes. Profitez des vastes espaces verts, des for\u00eats, des vall\u00e9es et des cours d\u2019eau pour des balades inoubliables.<\/p>\n\n\n\n<div style=\"height:20px\" aria-hidden=\"true\" class=\"wp-block-spacer\"><\/div>\n\n\n\n<p>Les \u00e9tablissements thermaux \u00e0 proximit\u00e9 vous invitent \u00e9galement \u00e0 la d\u00e9tente et au bien-\u00eatre gr\u00e2ce \u00e0 leurs soins r\u00e9put\u00e9s, parfaits pour une pause ressour\u00e7ante.<\/p>\n\n\n\n<div style=\"height:20px\" aria-hidden=\"true\" class=\"wp-block-spacer\"><\/div>\n\n\n\n<p>Planifiez d\u00e8s maintenant votre escapade dans le Jura au c\u0153ur du village du Pin, pour vivre une exp\u00e9rience unique entre nature, patrimoine et s\u00e9r\u00e9nit\u00e9.<\/p>\n\n\n\n<div style=\"height:20px\" aria-hidden=\"true\" class=\"wp-block-spacer\"><\/div>\n","protected":false},"excerpt":{"rendered":"<p>D\u00e9couvrez Le Jura Bienvenue dans le Jura, une destination verte par excellence, riche en paysages pr\u00e9serv\u00e9s, patrimoine historique et activit\u00e9s de pleine nature. Nich\u00e9 au c\u0153ur de cette magnifique r\u00e9gion, le village du Pin, avec son ch\u00e2teau embl\u00e9matique, vous invite \u00e0 un s\u00e9jour alliant d\u00e9tente, nature et d\u00e9couverte. Le Pin, un village plein de charme [&hellip;]<\/p>\n","protected":false},"author":1,"featured_media":0,"parent":0,"menu_order":0,"comment_status":"closed","ping_status":"closed","template":"","meta":{"footnotes":""},"class_list":["post-136","page","type-page","status-publish","hentry"],"yoast_head":"<!-- This site is optimized with the Yoast SEO plugin v27.4 - https:\/\/yoast.com\/product\/yoast-seo-wordpress\/ -->\n<title>Destination Jura - Chambre d&#039;h\u00f4tes - Le Clos des Pies<\/title>\n<meta name=\"description\" content=\"Depuis le Clos des Pies, d\u00e9couvrez le Jura en douceur : nature pr\u00e9serv\u00e9e, balades ressour\u00e7antes, lacs paisibles et villages de charme.\" \/>\n<meta name=\"robots\" content=\"index, follow, max-snippet:-1, max-image-preview:large, max-video-preview:-1\" \/>\n<link rel=\"canonical\" href=\"https:\/\/www.leclosdespies.com\/index.php\/destination-jura\/\" \/>\n<meta property=\"og:locale\" content=\"fr_FR\" \/>\n<meta property=\"og:type\" content=\"article\" \/>\n<meta property=\"og:title\" content=\"Destination Jura - Chambre d&#039;h\u00f4tes - Le Clos des Pies\" \/>\n<meta property=\"og:description\" content=\"Depuis le Clos des Pies, d\u00e9couvrez le Jura en douceur : nature pr\u00e9serv\u00e9e, balades ressour\u00e7antes, lacs paisibles et villages de charme.\" \/>\n<meta property=\"og:url\" content=\"https:\/\/www.leclosdespies.com\/index.php\/destination-jura\/\" \/>\n<meta property=\"og:site_name\" content=\"Chambre d&#039;h\u00f4tes - Le Clos des Pies\" \/>\n<meta property=\"article:publisher\" content=\"https:\/\/www.facebook.com\/le.clos.des.pies\" \/>\n<meta property=\"article:modified_time\" content=\"2026-02-22T15:05:26+00:00\" \/>\n<meta property=\"og:image\" content=\"https:\/\/www.leclosdespies.com\/wp-content\/uploads\/IMG_1563-1-rotated.jpg\" \/>\n\t<meta property=\"og:image:width\" content=\"1512\" \/>\n\t<meta property=\"og:image:height\" content=\"2016\" \/>\n\t<meta property=\"og:image:type\" content=\"image\/jpeg\" \/>\n<script type=\"application\/ld+json\" class=\"yoast-schema-graph\">{\"@context\":\"https:\\\/\\\/schema.org\",\"@graph\":[{\"@type\":\"WebPage\",\"@id\":\"https:\\\/\\\/www.leclosdespies.com\\\/index.php\\\/destination-jura\\\/\",\"url\":\"https:\\\/\\\/www.leclosdespies.com\\\/index.php\\\/destination-jura\\\/\",\"name\":\"Destination Jura - Chambre d&#039;h\u00f4tes - Le Clos des Pies\",\"isPartOf\":{\"@id\":\"https:\\\/\\\/www.leclosdespies.com\\\/#website\"},\"primaryImageOfPage\":{\"@id\":\"https:\\\/\\\/www.leclosdespies.com\\\/index.php\\\/destination-jura\\\/#primaryimage\"},\"image\":{\"@id\":\"https:\\\/\\\/www.leclosdespies.com\\\/index.php\\\/destination-jura\\\/#primaryimage\"},\"thumbnailUrl\":\"https:\\\/\\\/www.leclosdespies.com\\\/wp-content\\\/uploads\\\/IMG_1563-1-rotated.jpg\",\"datePublished\":\"2025-10-05T16:14:58+00:00\",\"dateModified\":\"2026-02-22T15:05:26+00:00\",\"description\":\"Depuis le Clos des Pies, d\u00e9couvrez le Jura en douceur : nature pr\u00e9serv\u00e9e, balades ressour\u00e7antes, lacs paisibles et villages de charme.\",\"breadcrumb\":{\"@id\":\"https:\\\/\\\/www.leclosdespies.com\\\/index.php\\\/destination-jura\\\/#breadcrumb\"},\"inLanguage\":\"fr-FR\",\"potentialAction\":[{\"@type\":\"ReadAction\",\"target\":[\"https:\\\/\\\/www.leclosdespies.com\\\/index.php\\\/destination-jura\\\/\"]}]},{\"@type\":\"ImageObject\",\"inLanguage\":\"fr-FR\",\"@id\":\"https:\\\/\\\/www.leclosdespies.com\\\/index.php\\\/destination-jura\\\/#primaryimage\",\"url\":\"https:\\\/\\\/www.leclosdespies.com\\\/wp-content\\\/uploads\\\/IMG_1563-1-rotated.jpg\",\"contentUrl\":\"https:\\\/\\\/www.leclosdespies.com\\\/wp-content\\\/uploads\\\/IMG_1563-1-rotated.jpg\",\"width\":1512,\"height\":2016},{\"@type\":\"BreadcrumbList\",\"@id\":\"https:\\\/\\\/www.leclosdespies.com\\\/index.php\\\/destination-jura\\\/#breadcrumb\",\"itemListElement\":[{\"@type\":\"ListItem\",\"position\":1,\"name\":\"Accueil\",\"item\":\"https:\\\/\\\/www.leclosdespies.com\\\/\"},{\"@type\":\"ListItem\",\"position\":2,\"name\":\"Destination Jura\"}]},{\"@type\":\"WebSite\",\"@id\":\"https:\\\/\\\/www.leclosdespies.com\\\/#website\",\"url\":\"https:\\\/\\\/www.leclosdespies.com\\\/\",\"name\":\"Chambre d'h\u00f4tes - Le Clos des Pies\",\"description\":\"Install\u00e9e dans le village du Pin, au coeur du Jura, la chambre d\u2019h\u00f4tes Le Clos des Pies vous invite \u00e0 un s\u00e9jour au calme et au vert.\",\"publisher\":{\"@id\":\"https:\\\/\\\/www.leclosdespies.com\\\/#organization\"},\"potentialAction\":[{\"@type\":\"SearchAction\",\"target\":{\"@type\":\"EntryPoint\",\"urlTemplate\":\"https:\\\/\\\/www.leclosdespies.com\\\/?s={search_term_string}\"},\"query-input\":{\"@type\":\"PropertyValueSpecification\",\"valueRequired\":true,\"valueName\":\"search_term_string\"}}],\"inLanguage\":\"fr-FR\"},{\"@type\":\"Organization\",\"@id\":\"https:\\\/\\\/www.leclosdespies.com\\\/#organization\",\"name\":\"Chambre d'h\u00f4tes - Le Clos des Pies\",\"url\":\"https:\\\/\\\/www.leclosdespies.com\\\/\",\"logo\":{\"@type\":\"ImageObject\",\"inLanguage\":\"fr-FR\",\"@id\":\"https:\\\/\\\/www.leclosdespies.com\\\/#\\\/schema\\\/logo\\\/image\\\/\",\"url\":\"https:\\\/\\\/www.leclosdespies.com\\\/wp-content\\\/uploads\\\/cropped-Les-Clos-des-Pies-LOGO-white-new.png\",\"contentUrl\":\"https:\\\/\\\/www.leclosdespies.com\\\/wp-content\\\/uploads\\\/cropped-Les-Clos-des-Pies-LOGO-white-new.png\",\"width\":1344,\"height\":1063,\"caption\":\"Chambre d'h\u00f4tes - Le Clos des Pies\"},\"image\":{\"@id\":\"https:\\\/\\\/www.leclosdespies.com\\\/#\\\/schema\\\/logo\\\/image\\\/\"},\"sameAs\":[\"https:\\\/\\\/www.facebook.com\\\/le.clos.des.pies\",\"https:\\\/\\\/www.instagram.com\\\/le_clos_des_pies\\\/\"]}]}<\/script>\n<!-- \/ Yoast SEO plugin. -->","yoast_head_json":{"title":"Destination Jura - Chambre d&#039;h\u00f4tes - Le Clos des Pies","description":"Depuis le Clos des Pies, d\u00e9couvrez le Jura en douceur : nature pr\u00e9serv\u00e9e, balades ressour\u00e7antes, lacs paisibles et villages de charme.","robots":{"index":"index","follow":"follow","max-snippet":"max-snippet:-1","max-image-preview":"max-image-preview:large","max-video-preview":"max-video-preview:-1"},"canonical":"https:\/\/www.leclosdespies.com\/index.php\/destination-jura\/","og_locale":"fr_FR","og_type":"article","og_title":"Destination Jura - Chambre d&#039;h\u00f4tes - Le Clos des Pies","og_description":"Depuis le Clos des Pies, d\u00e9couvrez le Jura en douceur : nature pr\u00e9serv\u00e9e, balades ressour\u00e7antes, lacs paisibles et villages de charme.","og_url":"https:\/\/www.leclosdespies.com\/index.php\/destination-jura\/","og_site_name":"Chambre d&#039;h\u00f4tes - Le Clos des Pies","article_publisher":"https:\/\/www.facebook.com\/le.clos.des.pies","article_modified_time":"2026-02-22T15:05:26+00:00","og_image":[{"width":1512,"height":2016,"url":"https:\/\/www.leclosdespies.com\/wp-content\/uploads\/IMG_1563-1-rotated.jpg","type":"image\/jpeg"}],"schema":{"@context":"https:\/\/schema.org","@graph":[{"@type":"WebPage","@id":"https:\/\/www.leclosdespies.com\/index.php\/destination-jura\/","url":"https:\/\/www.leclosdespies.com\/index.php\/destination-jura\/","name":"Destination Jura - Chambre d&#039;h\u00f4tes - Le Clos des Pies","isPartOf":{"@id":"https:\/\/www.leclosdespies.com\/#website"},"primaryImageOfPage":{"@id":"https:\/\/www.leclosdespies.com\/index.php\/destination-jura\/#primaryimage"},"image":{"@id":"https:\/\/www.leclosdespies.com\/index.php\/destination-jura\/#primaryimage"},"thumbnailUrl":"https:\/\/www.leclosdespies.com\/wp-content\/uploads\/IMG_1563-1-rotated.jpg","datePublished":"2025-10-05T16:14:58+00:00","dateModified":"2026-02-22T15:05:26+00:00","description":"Depuis le Clos des Pies, d\u00e9couvrez le Jura en douceur : nature pr\u00e9serv\u00e9e, balades ressour\u00e7antes, lacs paisibles et villages de charme.","breadcrumb":{"@id":"https:\/\/www.leclosdespies.com\/index.php\/destination-jura\/#breadcrumb"},"inLanguage":"fr-FR","potentialAction":[{"@type":"ReadAction","target":["https:\/\/www.leclosdespies.com\/index.php\/destination-jura\/"]}]},{"@type":"ImageObject","inLanguage":"fr-FR","@id":"https:\/\/www.leclosdespies.com\/index.php\/destination-jura\/#primaryimage","url":"https:\/\/www.leclosdespies.com\/wp-content\/uploads\/IMG_1563-1-rotated.jpg","contentUrl":"https:\/\/www.leclosdespies.com\/wp-content\/uploads\/IMG_1563-1-rotated.jpg","width":1512,"height":2016},{"@type":"BreadcrumbList","@id":"https:\/\/www.leclosdespies.com\/index.php\/destination-jura\/#breadcrumb","itemListElement":[{"@type":"ListItem","position":1,"name":"Accueil","item":"https:\/\/www.leclosdespies.com\/"},{"@type":"ListItem","position":2,"name":"Destination Jura"}]},{"@type":"WebSite","@id":"https:\/\/www.leclosdespies.com\/#website","url":"https:\/\/www.leclosdespies.com\/","name":"Chambre d'h\u00f4tes - Le Clos des Pies","description":"Install\u00e9e dans le village du Pin, au coeur du Jura, la chambre d\u2019h\u00f4tes Le Clos des Pies vous invite \u00e0 un s\u00e9jour au calme et au vert.","publisher":{"@id":"https:\/\/www.leclosdespies.com\/#organization"},"potentialAction":[{"@type":"SearchAction","target":{"@type":"EntryPoint","urlTemplate":"https:\/\/www.leclosdespies.com\/?s={search_term_string}"},"query-input":{"@type":"PropertyValueSpecification","valueRequired":true,"valueName":"search_term_string"}}],"inLanguage":"fr-FR"},{"@type":"Organization","@id":"https:\/\/www.leclosdespies.com\/#organization","name":"Chambre d'h\u00f4tes - Le Clos des Pies","url":"https:\/\/www.leclosdespies.com\/","logo":{"@type":"ImageObject","inLanguage":"fr-FR","@id":"https:\/\/www.leclosdespies.com\/#\/schema\/logo\/image\/","url":"https:\/\/www.leclosdespies.com\/wp-content\/uploads\/cropped-Les-Clos-des-Pies-LOGO-white-new.png","contentUrl":"https:\/\/www.leclosdespies.com\/wp-content\/uploads\/cropped-Les-Clos-des-Pies-LOGO-white-new.png","width":1344,"height":1063,"caption":"Chambre d'h\u00f4tes - Le Clos des Pies"},"image":{"@id":"https:\/\/www.leclosdespies.com\/#\/schema\/logo\/image\/"},"sameAs":["https:\/\/www.facebook.com\/le.clos.des.pies","https:\/\/www.instagram.com\/le_clos_des_pies\/"]}]}},"_links":{"self":[{"href":"https:\/\/www.leclosdespies.com\/index.php\/wp-json\/wp\/v2\/pages\/136","targetHints":{"allow":["GET"]}}],"collection":[{"href":"https:\/\/www.leclosdespies.com\/index.php\/wp-json\/wp\/v2\/pages"}],"about":[{"href":"https:\/\/www.leclosdespies.com\/index.php\/wp-json\/wp\/v2\/types\/page"}],"author":[{"embeddable":true,"href":"https:\/\/www.leclosdespies.com\/index.php\/wp-json\/wp\/v2\/users\/1"}],"replies":[{"embeddable":true,"href":"https:\/\/www.leclosdespies.com\/index.php\/wp-json\/wp\/v2\/comments?post=136"}],"version-history":[{"count":13,"href":"https:\/\/www.leclosdespies.com\/index.php\/wp-json\/wp\/v2\/pages\/136\/revisions"}],"predecessor-version":[{"id":370,"href":"https:\/\/www.leclosdespies.com\/index.php\/wp-json\/wp\/v2\/pages\/136\/revisions\/370"}],"wp:attachment":[{"href":"https:\/\/www.leclosdespies.com\/index.php\/wp-json\/wp\/v2\/media?parent=136"}],"curies":[{"name":"wp","href":"https:\/\/api.w.org\/{rel}","templated":true}]}}